{"id":4394,"date":"2016-07-31T17:47:37","date_gmt":"2016-07-31T15:47:37","guid":{"rendered":"http:\/\/moduletechnologies.com\/en\/?page_id=4394"},"modified":"2016-08-11T09:37:20","modified_gmt":"2016-08-11T07:37:20","slug":"grid-alwa","status":"publish","type":"page","link":"http:\/\/moduletechnologies.com\/en\/products\/grid-alwa\/","title":{"rendered":"GRID-ALWA"},"content":{"rendered":"<p>[vc_row][vc_column enable_animation=&#8221;true&#8221; animation=&#8221;fadeInUp&#8221; delay=&#8221;200&#8243;][block_title inner_style_title=&#8221;two_titles&#8221; title=&#8221;GRID-ALWA?&#8221; subtitle=&#8221;what is&#8221;][\/block_title][\/vc_column][\/vc_row][vc_row][vc_column][vc_column_text]The cladding of GRID-ALWA (80-800) type gives the possibility of changing the applied technologies of ceiling or wall strutting, and its innovative application makes it possible to reduce the costs. It is easy to apply and it increases the safety of conducted works. It is intended for underground sites mining hard coal, in the mines of copper, zinc or lead ore, for the protection of embankments, slopes and excavations, and also in construction industry.<\/p>\n<p>The cladding is made from long polyester fibres with huge elasticity and strength coefficient, which are anti-static and non-flammable material. Moreover, this product is resistant to bases, acids and other chemical substances. It is light (1kg per 1m<sup>2<\/sup>), corrosion-resistant (extended product life) and it is characterised by huge tensile strength.<\/p>\n<p>Vertical and transverse section points of polyester fibres form a net consisting of even squares and strong nodes, which enables the full use of their mechanical properties. The application of innovative technology shall to a large degree facilitate the performance of strutting in longwall excavations, it will enable the easy fitting of the cladding to the excavation profile, thus increasing safety of executed works. This product has a simple structure and it is safe to use.[\/vc_column_text][\/vc_column][\/vc_row][vc_row][vc_column][vc_media_grid gap=&#8221;2&#8243; item=&#8221;mediaGrid_FadeInWithIcon&#8221; grid_id=&#8221;vc_gid:1470901012611-7eda399d-34c5-3&#8243; include=&#8221;4396,4397,4398&#8243;][\/vc_column][\/vc_row][vc_row][vc_column enable_animation=&#8221;true&#8221; animation=&#8221;fadeInUp&#8221; delay=&#8221;200&#8243;][block_title inner_style_title=&#8221;two_titles&#8221; title=&#8221;APPLICATION&#8221; subtitle=&#8221;GRID-ALWA&#8221;][\/block_title][\/vc_column][\/vc_row][vc_row bg_image=&#8221;2610&#8243; top_padding=&#8221;0&#8243;][vc_column][vc_column_text]The innovative cladding of GRID-ALWA type (80-800) can be used in mining excavations in the mines of hard coal, copper, zinc or lead ore, for the protection of embankments, slopes and excavations, and also in construction industry. If the cladding is used in mining excavations, a detailed concept of its use shall be developed, depending on mining and geological conditions. The cladding can be used in mining excavations in the area of methane and non-methane fields, in the excavations classified as A and B class of coal dust explosion hazard, in the case of presence of water hazard, as well as in the case of strata with self-igniting properties.<\/p>\n<p>The cladding can be used as an alternative for the traditional method (such as steel mesh, bentonites, steel sheets, etc.) used for strutting the ceiling and the walls:<br \/>\n[\/vc_column_text][vc_empty_space height=&#8221;20px&#8221;][vc_row_inner][vc_column_inner width=&#8221;1\/2&#8243;][list icon=&#8221;moon-checkbox&#8221;][list_item title=&#8221;As the strutting of the support, bolted and mixed lining with mechanical plating&#8221;][list_item title=&#8221;As the strutting for the support lining using the bags filled with chemical bond, constructed behind the lining frame and the rock mass,&#8221;][list_item title=&#8221;As the strutting of the support, bolted and mixed lining with gangue plating&#8221;][list_item title=&#8221;As the strutting of the ceiling and the walls of transport fields in the case of liquidation of wall fittings&#8221;][list_item title=&#8221;As the protection in the case of corrosion of steel strutting in mining excavations \u2013 at short and long sections of such excavations&#8221;][list_item title=&#8221;For fast reconstruction and reinforcement of large surfaces of degraded excavations&#8221;][\/list][\/vc_column_inner][vc_column_inner width=&#8221;1\/2&#8243;][list icon=&#8221;moon-checkbox&#8221;][list_item title=&#8221;For ceiling protection in exploitation fields using collapse and hydraulic backfill&#8221;][list_item title=&#8221;In backfill dams in combination with traditional backfill canvas, depending on the type of supplied backfill mixture, and also for the protection of fencing&#8221;][list_item title=&#8221;For strutting highly resistant gangue, in the case of which no final lining has been used&#8221;][list_item title=&#8221;As temporary lining during the excavation of shafts&#8221;][list_item title=&#8221;As the strutting of the thill in the case of thick strata, exploited in layers with the view to protecting the future ceiling in the next mined wall area&#8221;][list_item title=&#8221;As insulation of goafs using shotcrete&#8221;][\/list][\/vc_column_inner][\/vc_row_inner][\/vc_column][\/vc_row][vc_row][vc_column][vc_media_grid element_width=&#8221;3&#8243; gap=&#8221;2&#8243; item=&#8221;mediaGrid_FadeInWithIcon&#8221; grid_id=&#8221;vc_gid:1470901012615-a0030281-78ae-5&#8243; include=&#8221;4402,4400,4401,4403&#8243;][\/vc_column][\/vc_row][vc_row][vc_column enable_animation=&#8221;true&#8221; animation=&#8221;fadeInUp&#8221; delay=&#8221;200&#8243;][block_title inner_style_title=&#8221;two_titles&#8221; title=&#8221;information&#8221; subtitle=&#8221;technical&#8221;][\/block_title][\/vc_column][\/vc_row][vc_row][vc_column][vc_column_text]<\/p>\n<ul class=\"pg-new-list\">\n<li>White and uniform colour<\/li>\n<li>Standard length of the cladding roll is 50 m or it may be different, depending on the customer\u2019s requirements<\/li>\n<li>Cladding width ranges between 1 and 6 m, depending on the customer\u2019s requirements<\/li>\n<li>Band thickness between 1.5 and 4.5 mm, depending on the type<\/li>\n<li>Band thickness between 9 and 50 mm, depending on the type<\/li>\n<li>Mesh size between 20 and 50 mm, depending on the type<\/li>\n<li>Light, flexible, with the weight of approx. 1 kg per m2 (in the case of 80\u00d780 kN cladding)<\/li>\n<li>Material \u2013 polyester fibre of high resistance between 80 and 800 kN, depending on the customer\u2019s requirements\n<ul>\n<li>80 \u2013 800 kN in the case of longitudinal tension, depending on the type, e.g. for the type GRID-ALWA 80-80 \u2265 80 kN<\/li>\n<li>Transverse section- up to minus 15% of tensile strength in the longitudinal direction<\/li>\n<\/ul>\n<\/li>\n<li>Elongation at break in the longitudinal and transverse direction \u226420%<\/li>\n<li>The strength of bond between warp and weft \u2265 500 N<\/li>\n<li>Bend deflection \u2264100 mm<\/li>\n<li>Surface resistance, Rs \u22643*108\u03a9 according to more stringent criteria in relation to the standard PN-G-15050:1996<\/li>\n<li>Flammability VTM-0<\/li>\n<li>Average burning time \u22643 s<\/li>\n<li>Average glowing time \u226410 s<\/li>\n<li>Oxygen index \u226521.0 %<\/li>\n<li>Resistant to bases, acids and other chemicals<\/li>\n<li>Corrosion-resistant \u2013 does not rust or age<\/li>\n<\/ul>\n<p>[\/vc_column_text][\/vc_column][\/vc_row][vc_row][vc_column enable_animation=&#8221;true&#8221; animation=&#8221;fadeInUp&#8221; delay=&#8221;200&#8243;][block_title inner_style_title=&#8221;only_text&#8221; title=&#8221;Documentation&#8221;][\/block_title][\/vc_column][\/vc_row][vc_row][vc_column][vc_column_text]<\/p>\n<ul class=\"discc second\">\n<li><i class=\"moon-file-pdf\"><\/i> <a href=\"http:\/\/www.lstechhomes.com\/img\/gridalwa\/Certyfikat_GIG_dla_GRID-ALWA.pdf\" target=\"_blank\">Certyfikat GIG dla GRID-ALWA<\/a><\/li>\n<li><i class=\"moon-file-pdf\"><\/i> <a href=\"http:\/\/moduletechnologies.com\/wp-content\/uploads\/2014\/04\/GRID-ALWA_folderA42.pdf\">GRID-ALWA folder A4<\/a><\/li>\n<li><i class=\"moon-file-pdf\"><\/i> <a href=\"http:\/\/moduletechnologies.com\/wp-content\/uploads\/2014\/04\/Instrukcja_ogolna_GRID-ALWA1.pdf\">Instrukcja og\u00f3lna GRID-ALWA<\/a><\/li>\n<li><i class=\"moon-file-pdf\"><\/i> <a href=\"http:\/\/www.lstechhomes.com\/img\/gridalwa\/Instrukcja_A_GRID-ALWA_duza_wytrzymalosc_skal.pdf\" target=\"_blank\">Instrukcja A GRID-ALWA du\u017ca wytrzyma\u0142o\u015b\u0107 ska\u0142<\/a><\/li>\n<li><i class=\"moon-file-pdf\"><\/i> <a href=\"http:\/\/www.lstechhomes.com\/img\/gridalwa\/Instrukcja_B_GRID-ALWA_likwidacja_sciany.pdf\" target=\"_blank\">Instrukcja B GRID-ALWA likwidacja \u015bciany<\/a><\/li>\n<li><i class=\"moon-file-pdf\"><\/i> <a href=\"http:\/\/www.lstechhomes.com\/img\/gridalwa\/Instrukcja_C_GRID-ALWA_w_przypadku_skorodowanej_opinki_stalowej.pdf\" target=\"_blank\">Instrukcja C GRID-ALWA w przypadku skorodowanej opinki stalowej<\/a><\/li>\n<li><i class=\"moon-file-pdf\"><\/i> <a href=\"http:\/\/www.lstechhomes.com\/img\/gridalwa\/Instrukcja_D_GRID-ALWA_wkladka_skala_plonna.pdf\" target=\"_blank\">Instrukcja D GRID-ALWA wyk\u0142adka ska\u0142\u0105 p\u0142onn\u0105<\/a><\/li>\n<li><i class=\"moon-file-pdf\"><\/i> <a href=\"http:\/\/www.lstechhomes.com\/img\/gridalwa\/Instrukcja_E_GRID-ALWA_wygrodzenie.pdf\" target=\"_blank\">Instrukcja E GRID-ALWA wygrodzenie<\/a><\/li>\n<li><i class=\"moon-file-pdf\"><\/i> <a href=\"http:\/\/www.lstechhomes.com\/img\/gridalwa\/Instrukcja_F_GRID-ALWA_wykladka_spoiwo_chemiczne.pdf\" target=\"_blank\">Instrukcja F GRID-ALWA wyk\u0142adka spoiwo chemiczne<\/a><\/li>\n<li><i class=\"moon-file-pdf\"><\/i> <a href=\"http:\/\/www.lstechhomes.com\/img\/gridalwa\/Instrukcja_G_GRID-ALWA_z_wykladka_machaniczna.pdf?_ga=1.31154365.380186629.1441870168\" target=\"_blank\">Instrukcja G GRID-ALWA z wyk\u0142adk\u0105 machaniczn\u0105<\/a><\/li>\n<li><i class=\"moon-file-pdf\"><\/i> <a href=\"http:\/\/www.lstechhomes.com\/img\/gridalwa\/Instrukcja_H_GRID-ALWA_zabezpieczenie_spagu.pdf?_ga=1.31154365.380186629.1441870168\" target=\"_blank\">Instrukcja H GRID-ALWA zabezpieczenie sp\u0105gu<\/a><\/li>\n<li><i class=\"moon-file-pdf\"><\/i> <a href=\"http:\/\/www.lstechhomes.com\/img\/gridalwa\/Instrukcja_I_GRID-ALWA_zabezpieczenie_stropu.pdf\" target=\"_blank\">Instrukcja I GRID-ALWA zabezpieczenie stropu<\/a><\/li>\n<li><i class=\"moon-file-pdf\"><\/i> <a href=\"http:\/\/www.lstechhomes.com\/img\/Analiza_mozliwosci_zastosowania_okladziny_GRID-ALWA_w_gornictwie_wegla_kamiennego.swf\" target=\"_blank\">Analiza mo\u017cliwo\u015bci zastotowania ok\u0142adziny GRID-ALWA w g\u00f3rnictwie w\u0119gla kamiennego<\/a><\/li>\n<li><i class=\"moon-file-pdf\"><\/i> <a href=\"http:\/\/moduletechnologies.com\/wp-content\/uploads\/2014\/04\/Certyfikat-rejestracji-znaku-towarowego-GRID-ALWA.pdf\">Certyfikat rejestracji znaku towarowego GRID-ALWA<\/a><\/li>\n<\/ul>\n<p>[\/vc_column_text][\/vc_column][\/vc_row]<\/p>\n","protected":false},"excerpt":{"rendered":"<p>[vc_row][vc_column enable_animation=&#8221;true&#8221; animation=&#8221;fadeInUp&#8221; delay=&#8221;200&#8243;][block_title inner_style_title=&#8221;two_titles&#8221; title=&#8221;GRID-ALWA?&#8221; subtitle=&#8221;what is&#8221;][\/block_title][\/vc_column][\/vc_row][vc_row][vc_column][vc_column_text]The cladding of GRID-ALWA (80-800) type gives the possibility of changing the applied technologies of ceiling or wall strutting, and its innovative application makes it possible to reduce the costs. It is easy to apply and it increases the safety of conducted works. It is intended for underground [&hellip;]<\/p>\n","protected":false},"author":1,"featured_media":0,"parent":4277,"menu_order":0,"comment_status":"closed","ping_status":"closed","template":"","meta":[],"yoast_head":"<!-- This site is optimized with the Yoast SEO plugin v16.8 - https:\/\/yoast.com\/wordpress\/plugins\/seo\/ -->\n<title>GRID-ALWA - Module Technologies SA<\/title>\n<meta name=\"robots\" content=\"index, follow, max-snippet:-1, max-image-preview:large, max-video-preview:-1\" \/>\n<link rel=\"canonical\" href=\"http:\/\/moduletechnologies.com\/en\/products\/grid-alwa\/\" \/>\n<meta property=\"og:locale\" content=\"en_US\" \/>\n<meta property=\"og:type\" content=\"article\" \/>\n<meta property=\"og:title\" content=\"GRID-ALWA - Module Technologies SA\" \/>\n<meta property=\"og:description\" content=\"[vc_row][vc_column enable_animation=&#8221;true&#8221; animation=&#8221;fadeInUp&#8221; delay=&#8221;200&#8243;][block_title inner_style_title=&#8221;two_titles&#8221; title=&#8221;GRID-ALWA?&#8221; subtitle=&#8221;what is&#8221;][\/block_title][\/vc_column][\/vc_row][vc_row][vc_column][vc_column_text]The cladding of GRID-ALWA (80-800) type gives the possibility of changing the applied technologies of ceiling or wall strutting, and its innovative application makes it possible to reduce the costs. It is easy to apply and it increases the safety of conducted works. It is intended for underground [&hellip;]\" \/>\n<meta property=\"og:url\" content=\"http:\/\/moduletechnologies.com\/en\/products\/grid-alwa\/\" \/>\n<meta property=\"og:site_name\" content=\"Module Technologies SA\" \/>\n<meta property=\"article:modified_time\" content=\"2016-08-11T07:37:20+00:00\" \/>\n<meta name=\"twitter:card\" content=\"summary\" \/>\n<meta name=\"twitter:label1\" content=\"Est. reading time\" \/>\n\t<meta name=\"twitter:data1\" content=\"5 minutes\" \/>\n<script type=\"application\/ld+json\" class=\"yoast-schema-graph\">{\"@context\":\"https:\/\/schema.org\",\"@graph\":[{\"@type\":\"WebSite\",\"@id\":\"http:\/\/moduletechnologies.com\/#website\",\"url\":\"http:\/\/moduletechnologies.com\/\",\"name\":\"Module Technologies SA\",\"description\":\"Budownictwo modu\\u0142owe BBS (CLT), Panele SIP, Kompozyty\",\"potentialAction\":[{\"@type\":\"SearchAction\",\"target\":{\"@type\":\"EntryPoint\",\"urlTemplate\":\"http:\/\/moduletechnologies.com\/?s={search_term_string}\"},\"query-input\":\"required name=search_term_string\"}],\"inLanguage\":\"en-US\"},{\"@type\":\"WebPage\",\"@id\":\"http:\/\/moduletechnologies.com\/en\/products\/grid-alwa\/#webpage\",\"url\":\"http:\/\/moduletechnologies.com\/en\/products\/grid-alwa\/\",\"name\":\"GRID-ALWA - Module Technologies SA\",\"isPartOf\":{\"@id\":\"http:\/\/moduletechnologies.com\/#website\"},\"datePublished\":\"2016-07-31T15:47:37+00:00\",\"dateModified\":\"2016-08-11T07:37:20+00:00\",\"breadcrumb\":{\"@id\":\"http:\/\/moduletechnologies.com\/en\/products\/grid-alwa\/#breadcrumb\"},\"inLanguage\":\"en-US\",\"potentialAction\":[{\"@type\":\"ReadAction\",\"target\":[\"http:\/\/moduletechnologies.com\/en\/products\/grid-alwa\/\"]}]},{\"@type\":\"BreadcrumbList\",\"@id\":\"http:\/\/moduletechnologies.com\/en\/products\/grid-alwa\/#breadcrumb\",\"itemListElement\":[{\"@type\":\"ListItem\",\"position\":1,\"name\":\"Strona g\\u0142\\u00f3wna\",\"item\":\"http:\/\/moduletechnologies.com\/\"},{\"@type\":\"ListItem\",\"position\":2,\"name\":\"Products\",\"item\":\"https:\/\/moduletechnologies.com\/en\/products\/\"},{\"@type\":\"ListItem\",\"position\":3,\"name\":\"GRID-ALWA\"}]}]}<\/script>\n<!-- \/ Yoast SEO plugin. -->","yoast_head_json":{"title":"GRID-ALWA - Module Technologies SA","robots":{"index":"index","follow":"follow","max-snippet":"max-snippet:-1","max-image-preview":"max-image-preview:large","max-video-preview":"max-video-preview:-1"},"canonical":"http:\/\/moduletechnologies.com\/en\/products\/grid-alwa\/","og_locale":"en_US","og_type":"article","og_title":"GRID-ALWA - Module Technologies SA","og_description":"[vc_row][vc_column enable_animation=&#8221;true&#8221; animation=&#8221;fadeInUp&#8221; delay=&#8221;200&#8243;][block_title inner_style_title=&#8221;two_titles&#8221; title=&#8221;GRID-ALWA?&#8221; subtitle=&#8221;what is&#8221;][\/block_title][\/vc_column][\/vc_row][vc_row][vc_column][vc_column_text]The cladding of GRID-ALWA (80-800) type gives the possibility of changing the applied technologies of ceiling or wall strutting, and its innovative application makes it possible to reduce the costs. It is easy to apply and it increases the safety of conducted works. It is intended for underground [&hellip;]","og_url":"http:\/\/moduletechnologies.com\/en\/products\/grid-alwa\/","og_site_name":"Module Technologies SA","article_modified_time":"2016-08-11T07:37:20+00:00","twitter_card":"summary","twitter_misc":{"Est. reading time":"5 minutes"},"schema":{"@context":"https:\/\/schema.org","@graph":[{"@type":"WebSite","@id":"http:\/\/moduletechnologies.com\/#website","url":"http:\/\/moduletechnologies.com\/","name":"Module Technologies SA","description":"Budownictwo modu\u0142owe BBS (CLT), Panele SIP, Kompozyty","potentialAction":[{"@type":"SearchAction","target":{"@type":"EntryPoint","urlTemplate":"http:\/\/moduletechnologies.com\/?s={search_term_string}"},"query-input":"required name=search_term_string"}],"inLanguage":"en-US"},{"@type":"WebPage","@id":"http:\/\/moduletechnologies.com\/en\/products\/grid-alwa\/#webpage","url":"http:\/\/moduletechnologies.com\/en\/products\/grid-alwa\/","name":"GRID-ALWA - Module Technologies SA","isPartOf":{"@id":"http:\/\/moduletechnologies.com\/#website"},"datePublished":"2016-07-31T15:47:37+00:00","dateModified":"2016-08-11T07:37:20+00:00","breadcrumb":{"@id":"http:\/\/moduletechnologies.com\/en\/products\/grid-alwa\/#breadcrumb"},"inLanguage":"en-US","potentialAction":[{"@type":"ReadAction","target":["http:\/\/moduletechnologies.com\/en\/products\/grid-alwa\/"]}]},{"@type":"BreadcrumbList","@id":"http:\/\/moduletechnologies.com\/en\/products\/grid-alwa\/#breadcrumb","itemListElement":[{"@type":"ListItem","position":1,"name":"Strona g\u0142\u00f3wna","item":"http:\/\/moduletechnologies.com\/"},{"@type":"ListItem","position":2,"name":"Products","item":"https:\/\/moduletechnologies.com\/en\/products\/"},{"@type":"ListItem","position":3,"name":"GRID-ALWA"}]}]}},"_links":{"self":[{"href":"http:\/\/moduletechnologies.com\/en\/wp-json\/wp\/v2\/pages\/4394"}],"collection":[{"href":"http:\/\/moduletechnologies.com\/en\/wp-json\/wp\/v2\/pages"}],"about":[{"href":"http:\/\/moduletechnologies.com\/en\/wp-json\/wp\/v2\/types\/page"}],"author":[{"embeddable":true,"href":"http:\/\/moduletechnologies.com\/en\/wp-json\/wp\/v2\/users\/1"}],"replies":[{"embeddable":true,"href":"http:\/\/moduletechnologies.com\/en\/wp-json\/wp\/v2\/comments?post=4394"}],"version-history":[{"count":7,"href":"http:\/\/moduletechnologies.com\/en\/wp-json\/wp\/v2\/pages\/4394\/revisions"}],"predecessor-version":[{"id":7685,"href":"http:\/\/moduletechnologies.com\/en\/wp-json\/wp\/v2\/pages\/4394\/revisions\/7685"}],"up":[{"embeddable":true,"href":"http:\/\/moduletechnologies.com\/en\/wp-json\/wp\/v2\/pages\/4277"}],"wp:attachment":[{"href":"http:\/\/moduletechnologies.com\/en\/wp-json\/wp\/v2\/media?parent=4394"}],"curies":[{"name":"wp","href":"https:\/\/api.w.org\/{rel}","templated":true}]}}