{"id":4425,"date":"2016-08-01T22:15:22","date_gmt":"2016-08-01T20:15:22","guid":{"rendered":"http:\/\/moduletechnologies.com\/en\/?page_id=4425"},"modified":"2019-09-26T09:47:20","modified_gmt":"2019-09-26T07:47:20","slug":"company","status":"publish","type":"page","link":"http:\/\/moduletechnologies.com\/en\/investment-relations\/company\/","title":{"rendered":"Company"},"content":{"rendered":"<p>[vc_row][vc_column][vc_column_text]All information available <a href=\"http:\/\/moduletechnologies.com\/relacje-inwestorskie\/spolka\/\">in polish-&gt;<\/a>[\/vc_column_text][\/vc_column][\/vc_row][vc_row class=&#8221;zarzad&#8221;][vc_column][vc_column_text]<\/p>\n<h1 id=\"zarzad\">The Management Board<\/h1>\n<p>[\/vc_column_text][vc_row_inner][vc_column_inner width=&#8221;3\/4&#8243;][vc_column_text]<strong>Miros\u0142aw Pasieka<\/strong> \u2013\u00a0the President of the Board[\/vc_column_text][\/vc_column_inner][vc_column_inner width=&#8221;1\/4&#8243;][vc_single_image image=&#8221;7955&#8243; img_size=&#8221;full&#8221;][\/vc_column_inner][\/vc_row_inner][vc_row_inner][vc_column_inner width=&#8221;3\/4&#8243;][vc_column_text]<strong>Jaros\u0142aw G\u00f3rski<\/strong>\u00a0\u2013\u00a0Board member[\/vc_column_text][\/vc_column_inner][vc_column_inner width=&#8221;1\/4&#8243;][\/vc_column_inner][\/vc_row_inner][vc_column_text]<\/p>\n<h3 id=\"rada\">Supervisory Board<\/h3>\n<p>[\/vc_column_text][vc_column_text]<\/p>\n<ul>\n<li><strong>Franciszek Zi\u0119ba<\/strong> &#8211; chairman of the supervisory board<\/li>\n<li><strong>Maciej Cybulski<\/strong><\/li>\n<li><strong>Bogus\u0142aw D\u0105browski<\/strong><\/li>\n<li><strong>Jaros\u0142aw Dziedzic<\/strong><\/li>\n<li><strong>Kazimierz Potrawiak<\/strong><\/li>\n<li><strong>Marek Sobieski<\/strong><\/li>\n<li><strong>Dawid Zontek<\/strong><\/li>\n<\/ul>\n<p>[\/vc_column_text][separator width=&#8221;100%&#8221; height=&#8221;2px&#8221; color=&#8221;#e8e8e8&#8243;][\/vc_column][\/vc_row][vc_row][vc_column][vc_column_text]Other information available <a href=\"http:\/\/moduletechnologies.com\/relacje-inwestorskie\/spolka\/\">in polish-&gt;<\/a>[\/vc_column_text][\/vc_column][\/vc_row]<\/p>\n","protected":false},"excerpt":{"rendered":"<p>[vc_row][vc_column][vc_column_text]All information available in polish-&gt;[\/vc_column_text][\/vc_column][\/vc_row][vc_row class=&#8221;zarzad&#8221;][vc_column][vc_column_text] The Management Board [\/vc_column_text][vc_row_inner][vc_column_inner width=&#8221;3\/4&#8243;][vc_column_text]Miros\u0142aw Pasieka \u2013\u00a0the President of the Board[\/vc_column_text][\/vc_column_inner][vc_column_inner width=&#8221;1\/4&#8243;][vc_single_image image=&#8221;7955&#8243; img_size=&#8221;full&#8221;][\/vc_column_inner][\/vc_row_inner][vc_row_inner][vc_column_inner width=&#8221;3\/4&#8243;][vc_column_text]Jaros\u0142aw G\u00f3rski\u00a0\u2013\u00a0Board member[\/vc_column_text][\/vc_column_inner][vc_column_inner width=&#8221;1\/4&#8243;][\/vc_column_inner][\/vc_row_inner][vc_column_text] Supervisory Board [\/vc_column_text][vc_column_text] Franciszek Zi\u0119ba &#8211; chairman of the supervisory board Maciej Cybulski Bogus\u0142aw D\u0105browski Jaros\u0142aw Dziedzic Kazimierz Potrawiak Marek Sobieski Dawid Zontek [\/vc_column_text][separator width=&#8221;100%&#8221; height=&#8221;2px&#8221; color=&#8221;#e8e8e8&#8243;][\/vc_column][\/vc_row][vc_row][vc_column][vc_column_text]Other information available in polish-&gt;[\/vc_column_text][\/vc_column][\/vc_row]<\/p>\n","protected":false},"author":1,"featured_media":0,"parent":4423,"menu_order":0,"comment_status":"closed","ping_status":"closed","template":"","meta":[],"yoast_head":"<!-- This site is optimized with the Yoast SEO plugin v16.8 - https:\/\/yoast.com\/wordpress\/plugins\/seo\/ -->\n<title>Company - Module Technologies SA<\/title>\n<meta name=\"robots\" content=\"index, follow, max-snippet:-1, max-image-preview:large, max-video-preview:-1\" \/>\n<link rel=\"canonical\" href=\"http:\/\/moduletechnologies.com\/en\/investment-relations\/company\/\" \/>\n<meta property=\"og:locale\" content=\"en_US\" \/>\n<meta property=\"og:type\" content=\"article\" \/>\n<meta property=\"og:title\" content=\"Company - Module Technologies SA\" \/>\n<meta property=\"og:description\" content=\"[vc_row][vc_column][vc_column_text]All information available in polish-&gt;[\/vc_column_text][\/vc_column][\/vc_row][vc_row class=&#8221;zarzad&#8221;][vc_column][vc_column_text] The Management Board [\/vc_column_text][vc_row_inner][vc_column_inner width=&#8221;3\/4&#8243;][vc_column_text]Miros\u0142aw Pasieka \u2013\u00a0the President of the Board[\/vc_column_text][\/vc_column_inner][vc_column_inner width=&#8221;1\/4&#8243;][vc_single_image image=&#8221;7955&#8243; img_size=&#8221;full&#8221;][\/vc_column_inner][\/vc_row_inner][vc_row_inner][vc_column_inner width=&#8221;3\/4&#8243;][vc_column_text]Jaros\u0142aw G\u00f3rski\u00a0\u2013\u00a0Board member[\/vc_column_text][\/vc_column_inner][vc_column_inner width=&#8221;1\/4&#8243;][\/vc_column_inner][\/vc_row_inner][vc_column_text] Supervisory Board [\/vc_column_text][vc_column_text] Franciszek Zi\u0119ba &#8211; chairman of the supervisory board Maciej Cybulski Bogus\u0142aw D\u0105browski Jaros\u0142aw Dziedzic Kazimierz Potrawiak Marek Sobieski Dawid Zontek [\/vc_column_text][separator width=&#8221;100%&#8221; height=&#8221;2px&#8221; color=&#8221;#e8e8e8&#8243;][\/vc_column][\/vc_row][vc_row][vc_column][vc_column_text]Other information available in polish-&gt;[\/vc_column_text][\/vc_column][\/vc_row]\" \/>\n<meta property=\"og:url\" content=\"http:\/\/moduletechnologies.com\/en\/investment-relations\/company\/\" \/>\n<meta property=\"og:site_name\" content=\"Module Technologies SA\" \/>\n<meta property=\"article:modified_time\" content=\"2019-09-26T07:47:20+00:00\" \/>\n<meta name=\"twitter:card\" content=\"summary\" \/>\n<meta name=\"twitter:label1\" content=\"Est. reading time\" \/>\n\t<meta name=\"twitter:data1\" content=\"1 minute\" \/>\n<script type=\"application\/ld+json\" class=\"yoast-schema-graph\">{\"@context\":\"https:\/\/schema.org\",\"@graph\":[{\"@type\":\"WebSite\",\"@id\":\"http:\/\/moduletechnologies.com\/#website\",\"url\":\"http:\/\/moduletechnologies.com\/\",\"name\":\"Module Technologies SA\",\"description\":\"Budownictwo modu\\u0142owe BBS (CLT), Panele SIP, Kompozyty\",\"potentialAction\":[{\"@type\":\"SearchAction\",\"target\":{\"@type\":\"EntryPoint\",\"urlTemplate\":\"http:\/\/moduletechnologies.com\/?s={search_term_string}\"},\"query-input\":\"required name=search_term_string\"}],\"inLanguage\":\"en-US\"},{\"@type\":\"WebPage\",\"@id\":\"http:\/\/moduletechnologies.com\/en\/investment-relations\/company\/#webpage\",\"url\":\"http:\/\/moduletechnologies.com\/en\/investment-relations\/company\/\",\"name\":\"Company - Module Technologies SA\",\"isPartOf\":{\"@id\":\"http:\/\/moduletechnologies.com\/#website\"},\"datePublished\":\"2016-08-01T20:15:22+00:00\",\"dateModified\":\"2019-09-26T07:47:20+00:00\",\"breadcrumb\":{\"@id\":\"http:\/\/moduletechnologies.com\/en\/investment-relations\/company\/#breadcrumb\"},\"inLanguage\":\"en-US\",\"potentialAction\":[{\"@type\":\"ReadAction\",\"target\":[\"http:\/\/moduletechnologies.com\/en\/investment-relations\/company\/\"]}]},{\"@type\":\"BreadcrumbList\",\"@id\":\"http:\/\/moduletechnologies.com\/en\/investment-relations\/company\/#breadcrumb\",\"itemListElement\":[{\"@type\":\"ListItem\",\"position\":1,\"name\":\"Strona g\\u0142\\u00f3wna\",\"item\":\"http:\/\/moduletechnologies.com\/\"},{\"@type\":\"ListItem\",\"position\":2,\"name\":\"Investment relations\",\"item\":\"http:\/\/moduletechnologies.com\/en\/investment-relations\/\"},{\"@type\":\"ListItem\",\"position\":3,\"name\":\"Company\"}]}]}<\/script>\n<!-- \/ Yoast SEO plugin. -->","yoast_head_json":{"title":"Company - Module Technologies SA","robots":{"index":"index","follow":"follow","max-snippet":"max-snippet:-1","max-image-preview":"max-image-preview:large","max-video-preview":"max-video-preview:-1"},"canonical":"http:\/\/moduletechnologies.com\/en\/investment-relations\/company\/","og_locale":"en_US","og_type":"article","og_title":"Company - Module Technologies SA","og_description":"[vc_row][vc_column][vc_column_text]All information available in polish-&gt;[\/vc_column_text][\/vc_column][\/vc_row][vc_row class=&#8221;zarzad&#8221;][vc_column][vc_column_text] The Management Board [\/vc_column_text][vc_row_inner][vc_column_inner width=&#8221;3\/4&#8243;][vc_column_text]Miros\u0142aw Pasieka \u2013\u00a0the President of the Board[\/vc_column_text][\/vc_column_inner][vc_column_inner width=&#8221;1\/4&#8243;][vc_single_image image=&#8221;7955&#8243; img_size=&#8221;full&#8221;][\/vc_column_inner][\/vc_row_inner][vc_row_inner][vc_column_inner width=&#8221;3\/4&#8243;][vc_column_text]Jaros\u0142aw G\u00f3rski\u00a0\u2013\u00a0Board member[\/vc_column_text][\/vc_column_inner][vc_column_inner width=&#8221;1\/4&#8243;][\/vc_column_inner][\/vc_row_inner][vc_column_text] Supervisory Board [\/vc_column_text][vc_column_text] Franciszek Zi\u0119ba &#8211; chairman of the supervisory board Maciej Cybulski Bogus\u0142aw D\u0105browski Jaros\u0142aw Dziedzic Kazimierz Potrawiak Marek Sobieski Dawid Zontek [\/vc_column_text][separator width=&#8221;100%&#8221; height=&#8221;2px&#8221; color=&#8221;#e8e8e8&#8243;][\/vc_column][\/vc_row][vc_row][vc_column][vc_column_text]Other information available in polish-&gt;[\/vc_column_text][\/vc_column][\/vc_row]","og_url":"http:\/\/moduletechnologies.com\/en\/investment-relations\/company\/","og_site_name":"Module Technologies SA","article_modified_time":"2019-09-26T07:47:20+00:00","twitter_card":"summary","twitter_misc":{"Est. reading time":"1 minute"},"schema":{"@context":"https:\/\/schema.org","@graph":[{"@type":"WebSite","@id":"http:\/\/moduletechnologies.com\/#website","url":"http:\/\/moduletechnologies.com\/","name":"Module Technologies SA","description":"Budownictwo modu\u0142owe BBS (CLT), Panele SIP, Kompozyty","potentialAction":[{"@type":"SearchAction","target":{"@type":"EntryPoint","urlTemplate":"http:\/\/moduletechnologies.com\/?s={search_term_string}"},"query-input":"required name=search_term_string"}],"inLanguage":"en-US"},{"@type":"WebPage","@id":"http:\/\/moduletechnologies.com\/en\/investment-relations\/company\/#webpage","url":"http:\/\/moduletechnologies.com\/en\/investment-relations\/company\/","name":"Company - Module Technologies SA","isPartOf":{"@id":"http:\/\/moduletechnologies.com\/#website"},"datePublished":"2016-08-01T20:15:22+00:00","dateModified":"2019-09-26T07:47:20+00:00","breadcrumb":{"@id":"http:\/\/moduletechnologies.com\/en\/investment-relations\/company\/#breadcrumb"},"inLanguage":"en-US","potentialAction":[{"@type":"ReadAction","target":["http:\/\/moduletechnologies.com\/en\/investment-relations\/company\/"]}]},{"@type":"BreadcrumbList","@id":"http:\/\/moduletechnologies.com\/en\/investment-relations\/company\/#breadcrumb","itemListElement":[{"@type":"ListItem","position":1,"name":"Strona g\u0142\u00f3wna","item":"http:\/\/moduletechnologies.com\/"},{"@type":"ListItem","position":2,"name":"Investment relations","item":"http:\/\/moduletechnologies.com\/en\/investment-relations\/"},{"@type":"ListItem","position":3,"name":"Company"}]}]}},"_links":{"self":[{"href":"http:\/\/moduletechnologies.com\/en\/wp-json\/wp\/v2\/pages\/4425"}],"collection":[{"href":"http:\/\/moduletechnologies.com\/en\/wp-json\/wp\/v2\/pages"}],"about":[{"href":"http:\/\/moduletechnologies.com\/en\/wp-json\/wp\/v2\/types\/page"}],"author":[{"embeddable":true,"href":"http:\/\/moduletechnologies.com\/en\/wp-json\/wp\/v2\/users\/1"}],"replies":[{"embeddable":true,"href":"http:\/\/moduletechnologies.com\/en\/wp-json\/wp\/v2\/comments?post=4425"}],"version-history":[{"count":23,"href":"http:\/\/moduletechnologies.com\/en\/wp-json\/wp\/v2\/pages\/4425\/revisions"}],"predecessor-version":[{"id":9374,"href":"http:\/\/moduletechnologies.com\/en\/wp-json\/wp\/v2\/pages\/4425\/revisions\/9374"}],"up":[{"embeddable":true,"href":"http:\/\/moduletechnologies.com\/en\/wp-json\/wp\/v2\/pages\/4423"}],"wp:attachment":[{"href":"http:\/\/moduletechnologies.com\/en\/wp-json\/wp\/v2\/media?parent=4425"}],"curies":[{"name":"wp","href":"https:\/\/api.w.org\/{rel}","templated":true}]}}