{"id":4437,"date":"2016-08-01T23:12:14","date_gmt":"2016-08-01T21:12:14","guid":{"rendered":"http:\/\/moduletechnologies.com\/en\/?page_id=4437"},"modified":"2019-01-14T10:32:08","modified_gmt":"2019-01-14T09:32:08","slug":"contact-for-investors","status":"publish","type":"page","link":"http:\/\/moduletechnologies.com\/en\/investment-relations\/contact-for-investors\/","title":{"rendered":"Contact for investors"},"content":{"rendered":"<p>[vc_row][vc_column][vc_column_text]<\/p>\n<div style=\"margin-bottom: 35px; text-align: center;\">\n<h4>Registration address of the company:<\/h4>\n<p>ul. Hugona Ko\u0142\u0142\u0105taja 14\/6<br \/>\n43-300 Bielsko-Bia\u0142a<\/p>\n<\/div>\n<div style=\"margin-bottom: 35px; text-align: center;\">\n<h4>Management Board:<\/h4>\n<p>ul. Bielska 44<br \/>\n43-200 Pszczyna<br \/>\ntel.: +48 32 50 66 100<br \/>\ne-mail:\u00a0<a href=\"http:\/\/zarzad@moduletechnologies.com\">zarzad@moduletechnologies.com<\/a><\/p>\n<\/div>\n<p>[\/vc_column_text][\/vc_column][\/vc_row]<\/p>\n","protected":false},"excerpt":{"rendered":"<p>[vc_row][vc_column][vc_column_text] Registration address of the company: ul. Hugona Ko\u0142\u0142\u0105taja 14\/6 43-300 Bielsko-Bia\u0142a Management Board: ul. Bielska 44 43-200 Pszczyna tel.: +48 32 50 66 100 e-mail:\u00a0zarzad@moduletechnologies.com [\/vc_column_text][\/vc_column][\/vc_row]<\/p>\n","protected":false},"author":1,"featured_media":0,"parent":4423,"menu_order":0,"comment_status":"closed","ping_status":"closed","template":"","meta":[],"yoast_head":"<!-- This site is optimized with the Yoast SEO plugin v16.8 - https:\/\/yoast.com\/wordpress\/plugins\/seo\/ -->\n<title>Contact for investors - Module Technologies SA<\/title>\n<meta name=\"robots\" content=\"index, follow, max-snippet:-1, max-image-preview:large, max-video-preview:-1\" \/>\n<link rel=\"canonical\" href=\"http:\/\/moduletechnologies.com\/en\/investment-relations\/contact-for-investors\/\" \/>\n<meta property=\"og:locale\" content=\"en_US\" \/>\n<meta property=\"og:type\" content=\"article\" \/>\n<meta property=\"og:title\" content=\"Contact for investors - Module Technologies SA\" \/>\n<meta property=\"og:description\" content=\"[vc_row][vc_column][vc_column_text] Registration address of the company: ul. Hugona Ko\u0142\u0142\u0105taja 14\/6 43-300 Bielsko-Bia\u0142a Management Board: ul. Bielska 44 43-200 Pszczyna tel.: +48 32 50 66 100 e-mail:\u00a0zarzad@moduletechnologies.com [\/vc_column_text][\/vc_column][\/vc_row]\" \/>\n<meta property=\"og:url\" content=\"http:\/\/moduletechnologies.com\/en\/investment-relations\/contact-for-investors\/\" \/>\n<meta property=\"og:site_name\" content=\"Module Technologies SA\" \/>\n<meta property=\"article:modified_time\" content=\"2019-01-14T09:32:08+00:00\" \/>\n<meta name=\"twitter:card\" content=\"summary\" \/>\n<script type=\"application\/ld+json\" class=\"yoast-schema-graph\">{\"@context\":\"https:\/\/schema.org\",\"@graph\":[{\"@type\":\"WebSite\",\"@id\":\"https:\/\/moduletechnologies.com\/#website\",\"url\":\"https:\/\/moduletechnologies.com\/\",\"name\":\"Module Technologies SA\",\"description\":\"Budownictwo modu\\u0142owe BBS (CLT), Panele SIP, Kompozyty\",\"potentialAction\":[{\"@type\":\"SearchAction\",\"target\":{\"@type\":\"EntryPoint\",\"urlTemplate\":\"https:\/\/moduletechnologies.com\/?s={search_term_string}\"},\"query-input\":\"required name=search_term_string\"}],\"inLanguage\":\"en-US\"},{\"@type\":\"WebPage\",\"@id\":\"http:\/\/moduletechnologies.com\/en\/investment-relations\/contact-for-investors\/#webpage\",\"url\":\"http:\/\/moduletechnologies.com\/en\/investment-relations\/contact-for-investors\/\",\"name\":\"Contact for investors - Module Technologies SA\",\"isPartOf\":{\"@id\":\"https:\/\/moduletechnologies.com\/#website\"},\"datePublished\":\"2016-08-01T21:12:14+00:00\",\"dateModified\":\"2019-01-14T09:32:08+00:00\",\"breadcrumb\":{\"@id\":\"http:\/\/moduletechnologies.com\/en\/investment-relations\/contact-for-investors\/#breadcrumb\"},\"inLanguage\":\"en-US\",\"potentialAction\":[{\"@type\":\"ReadAction\",\"target\":[\"http:\/\/moduletechnologies.com\/en\/investment-relations\/contact-for-investors\/\"]}]},{\"@type\":\"BreadcrumbList\",\"@id\":\"http:\/\/moduletechnologies.com\/en\/investment-relations\/contact-for-investors\/#breadcrumb\",\"itemListElement\":[{\"@type\":\"ListItem\",\"position\":1,\"name\":\"Strona g\\u0142\\u00f3wna\",\"item\":\"https:\/\/moduletechnologies.com\/\"},{\"@type\":\"ListItem\",\"position\":2,\"name\":\"Investment relations\",\"item\":\"http:\/\/moduletechnologies.com\/en\/investment-relations\/\"},{\"@type\":\"ListItem\",\"position\":3,\"name\":\"Contact for investors\"}]}]}<\/script>\n<!-- \/ Yoast SEO plugin. -->","yoast_head_json":{"title":"Contact for investors - Module Technologies SA","robots":{"index":"index","follow":"follow","max-snippet":"max-snippet:-1","max-image-preview":"max-image-preview:large","max-video-preview":"max-video-preview:-1"},"canonical":"http:\/\/moduletechnologies.com\/en\/investment-relations\/contact-for-investors\/","og_locale":"en_US","og_type":"article","og_title":"Contact for investors - Module Technologies SA","og_description":"[vc_row][vc_column][vc_column_text] Registration address of the company: ul. Hugona Ko\u0142\u0142\u0105taja 14\/6 43-300 Bielsko-Bia\u0142a Management Board: ul. Bielska 44 43-200 Pszczyna tel.: +48 32 50 66 100 e-mail:\u00a0zarzad@moduletechnologies.com [\/vc_column_text][\/vc_column][\/vc_row]","og_url":"http:\/\/moduletechnologies.com\/en\/investment-relations\/contact-for-investors\/","og_site_name":"Module Technologies SA","article_modified_time":"2019-01-14T09:32:08+00:00","twitter_card":"summary","schema":{"@context":"https:\/\/schema.org","@graph":[{"@type":"WebSite","@id":"https:\/\/moduletechnologies.com\/#website","url":"https:\/\/moduletechnologies.com\/","name":"Module Technologies SA","description":"Budownictwo modu\u0142owe BBS (CLT), Panele SIP, Kompozyty","potentialAction":[{"@type":"SearchAction","target":{"@type":"EntryPoint","urlTemplate":"https:\/\/moduletechnologies.com\/?s={search_term_string}"},"query-input":"required name=search_term_string"}],"inLanguage":"en-US"},{"@type":"WebPage","@id":"http:\/\/moduletechnologies.com\/en\/investment-relations\/contact-for-investors\/#webpage","url":"http:\/\/moduletechnologies.com\/en\/investment-relations\/contact-for-investors\/","name":"Contact for investors - Module Technologies SA","isPartOf":{"@id":"https:\/\/moduletechnologies.com\/#website"},"datePublished":"2016-08-01T21:12:14+00:00","dateModified":"2019-01-14T09:32:08+00:00","breadcrumb":{"@id":"http:\/\/moduletechnologies.com\/en\/investment-relations\/contact-for-investors\/#breadcrumb"},"inLanguage":"en-US","potentialAction":[{"@type":"ReadAction","target":["http:\/\/moduletechnologies.com\/en\/investment-relations\/contact-for-investors\/"]}]},{"@type":"BreadcrumbList","@id":"http:\/\/moduletechnologies.com\/en\/investment-relations\/contact-for-investors\/#breadcrumb","itemListElement":[{"@type":"ListItem","position":1,"name":"Strona g\u0142\u00f3wna","item":"https:\/\/moduletechnologies.com\/"},{"@type":"ListItem","position":2,"name":"Investment relations","item":"http:\/\/moduletechnologies.com\/en\/investment-relations\/"},{"@type":"ListItem","position":3,"name":"Contact for investors"}]}]}},"_links":{"self":[{"href":"http:\/\/moduletechnologies.com\/en\/wp-json\/wp\/v2\/pages\/4437"}],"collection":[{"href":"http:\/\/moduletechnologies.com\/en\/wp-json\/wp\/v2\/pages"}],"about":[{"href":"http:\/\/moduletechnologies.com\/en\/wp-json\/wp\/v2\/types\/page"}],"author":[{"embeddable":true,"href":"http:\/\/moduletechnologies.com\/en\/wp-json\/wp\/v2\/users\/1"}],"replies":[{"embeddable":true,"href":"http:\/\/moduletechnologies.com\/en\/wp-json\/wp\/v2\/comments?post=4437"}],"version-history":[{"count":4,"href":"http:\/\/moduletechnologies.com\/en\/wp-json\/wp\/v2\/pages\/4437\/revisions"}],"predecessor-version":[{"id":9132,"href":"http:\/\/moduletechnologies.com\/en\/wp-json\/wp\/v2\/pages\/4437\/revisions\/9132"}],"up":[{"embeddable":true,"href":"http:\/\/moduletechnologies.com\/en\/wp-json\/wp\/v2\/pages\/4423"}],"wp:attachment":[{"href":"http:\/\/moduletechnologies.com\/en\/wp-json\/wp\/v2\/media?parent=4437"}],"curies":[{"name":"wp","href":"https:\/\/api.w.org\/{rel}","templated":true}]}}